{"id":16,"date":"2024-05-15T12:15:07","date_gmt":"2024-05-15T10:15:07","guid":{"rendered":"https:\/\/arnaudlenoir.com\/?page_id=16"},"modified":"2024-09-25T16:31:28","modified_gmt":"2024-09-25T14:31:28","slug":"contact-2","status":"publish","type":"page","link":"https:\/\/arnaudlenoir.com\/index.php\/contact-2\/","title":{"rendered":"Contact"},"content":{"rendered":"\n<div style=\"height:156px\" aria-hidden=\"true\" class=\"wp-block-spacer\"><\/div>\n\n\n\n<div class=\"wp-block-group has-global-padding is-layout-constrained wp-block-group-is-layout-constrained\">\n<div class=\"wp-block-columns are-vertically-aligned-top is-layout-flex wp-container-core-columns-is-layout-d7d455e7 wp-block-columns-is-layout-flex\" style=\"padding-top:0;padding-right:0;padding-bottom:0;padding-left:0\">\n<div class=\"wp-block-column is-vertically-aligned-top is-layout-flow wp-block-column-is-layout-flow\" style=\"padding-right:7%;flex-basis:50%\">\n<p class=\"has-text-color\" style=\"color:#0bb4aa\">Connectons-nous !<\/p>\n\n\n\n<h2 class=\"wp-block-heading has-large-font-size\">Pr\u00eat \u00e0 lancer votre <br>projet ?<\/h2>\n\n\n\n<p>Un petit mail et hop, nous sommes en contact. Nous pouvons organiser un premier entretien pour discuter de votre projet, \u00e9tablir les grandes lignes et d\u00e9finir ensemble une date de r\u00e9alisation. <br><\/p>\n<\/div>\n\n\n\n<div class=\"wp-block-column is-vertically-aligned-top is-layout-flow wp-block-column-is-layout-flow\" style=\"flex-basis:50%\"><\/div>\n<\/div>\n\n\n\n<div style=\"height:135px\" aria-hidden=\"true\" class=\"wp-block-spacer\"><\/div>\n<\/div>\n\n\n\n<div class=\"wp-block-group alignfull has-global-padding is-layout-constrained wp-container-core-group-is-layout-19e250f3 wp-block-group-is-layout-constrained\">\n<div class=\"wp-block-columns alignfull are-vertically-aligned-center has-light-background-background-color has-background is-layout-flex wp-container-core-columns-is-layout-dd282781 wp-block-columns-is-layout-flex\" style=\"padding-top:0;padding-right:0;padding-bottom:0;padding-left:0\">\n<div class=\"wp-block-column is-vertically-aligned-center map-grayscale is-layout-flow wp-block-column-is-layout-flow\" style=\"flex-basis:50%\">\n<figure class=\"wp-block-image size-large\"><img loading=\"lazy\" decoding=\"async\" width=\"1024\" height=\"682\" src=\"https:\/\/arnaudlenoir.com\/wp-content\/uploads\/2024\/09\/annie-spratt-mJSj_VY9Rfw-unsplash-1024x682.jpg\" alt=\"\" class=\"wp-image-61\" srcset=\"https:\/\/arnaudlenoir.com\/wp-content\/uploads\/2024\/09\/annie-spratt-mJSj_VY9Rfw-unsplash-1024x682.jpg 1024w, https:\/\/arnaudlenoir.com\/wp-content\/uploads\/2024\/09\/annie-spratt-mJSj_VY9Rfw-unsplash-300x200.jpg 300w, https:\/\/arnaudlenoir.com\/wp-content\/uploads\/2024\/09\/annie-spratt-mJSj_VY9Rfw-unsplash-2000x1331.jpg 2000w, https:\/\/arnaudlenoir.com\/wp-content\/uploads\/2024\/09\/annie-spratt-mJSj_VY9Rfw-unsplash-600x400.jpg 600w, https:\/\/arnaudlenoir.com\/wp-content\/uploads\/2024\/09\/annie-spratt-mJSj_VY9Rfw-unsplash-1200x800.jpg 1200w\" sizes=\"auto, (max-width: 1024px) 100vw, 1024px\" \/><\/figure>\n<\/div>\n\n\n\n<div class=\"wp-block-column is-vertically-aligned-center is-layout-flow wp-block-column-is-layout-flow\" style=\"padding-top:var(--wp--preset--spacing--small);padding-right:var(--wp--preset--spacing--small);padding-bottom:var(--wp--preset--spacing--small);padding-left:2%;flex-basis:50%\">\n<h3 class=\"wp-block-heading has-large-font-size\">Arnaud Lenoir<\/h3>\n\n\n\n<h3 class=\"wp-block-heading\"><strong>Email<\/strong><\/h3>\n\n\n\n<p>arnaud.lenoir95@gmail.com<\/p>\n<\/div>\n<\/div>\n<\/div>\n\n\n\n<div class=\"wp-block-group alignfull has-background has-global-padding is-layout-constrained wp-block-group-is-layout-constrained\" style=\"background-color:#f9f9f9\">\n<div class=\"wp-block-group is-layout-flow wp-block-group-is-layout-flow\">\n<div style=\"height:69px\" aria-hidden=\"true\" class=\"wp-block-spacer\"><\/div>\n\n\n\n<div class=\"wp-block-columns is-layout-flex wp-container-core-columns-is-layout-28f84493 wp-block-columns-is-layout-flex\">\n<div class=\"wp-block-column is-layout-flow wp-block-column-is-layout-flow\">\n<p class=\"has-text-align-left has-text-color\" style=\"color:#0bb4aa\">O\u00f9 suis-je ? <\/p>\n\n\n\n<h2 class=\"wp-block-heading has-text-align-left has-large-font-size\">Un rendez-vous ? <\/h2>\n\n\n\n<div class=\"wp-block-columns is-layout-flex wp-container-core-columns-is-layout-28f84493 wp-block-columns-is-layout-flex\">\n<div class=\"wp-block-column is-layout-flow wp-block-column-is-layout-flow\">\n<p>Fan de voyages et travaillant depuis mon ordinateur, je peux parfois me trouver \u00e0 diff\u00e9rents endroits du globe.<br>Mon point d&#8217;ancrage reste la Belgique, o\u00f9 je peux me d\u00e9placer facilement pour venir \u00e0 votre rencontre. Vous \u00eates ailleurs sur le globe ? N&#8217;h\u00e9sitez pas \u00e0 prendre contact ; qui sait, je suis peut-\u00eatre dans la ville d&#8217;\u00e0 c\u00f4t\u00e9 !<\/p>\n<\/div>\n<\/div>\n<\/div>\n\n\n\n<div class=\"wp-block-column is-layout-flow wp-block-column-is-layout-flow\">\n<figure class=\"wp-block-image size-large\"><img decoding=\"async\" src=\"https:\/\/arnaudlenoir.com\/wp-content\/themes\/inspiro\/assets\/images\/map.png\" alt=\"\" class=\"wp-image-5640\"\/><\/figure>\n<\/div>\n<\/div>\n\n\n\n<div style=\"height:52px\" aria-hidden=\"true\" class=\"wp-block-spacer\"><\/div>\n<\/div>\n<\/div>\n\n\n\n<div class=\"wp-block-group has-global-padding is-layout-constrained wp-block-group-is-layout-constrained\">\n<div style=\"height:33px\" aria-hidden=\"true\" class=\"wp-block-spacer\"><\/div>\n\n\n\n<div class=\"wp-block-columns are-vertically-aligned-center is-layout-flex wp-container-core-columns-is-layout-4ed999c3 wp-block-columns-is-layout-flex\" style=\"padding-top:var(--wp--preset--spacing--60);padding-bottom:var(--wp--preset--spacing--60);padding-left:0\">\n<div class=\"wp-block-column is-vertically-aligned-center is-layout-flow wp-block-column-is-layout-flow\" style=\"flex-basis:33.33%\">\n<div class=\"wp-block-buttons is-content-justification-right is-layout-flex wp-container-core-buttons-is-layout-d445cf74 wp-block-buttons-is-layout-flex\"><\/div>\n<\/div>\n<\/div>\n\n\n\n<div style=\"height:45px\" aria-hidden=\"true\" class=\"wp-block-spacer\"><\/div>\n<\/div>\n","protected":false},"excerpt":{"rendered":"<p>Connectons-nous ! Pr\u00eat \u00e0 lancer votre projet ? Un petit mail et hop, nous sommes en contact. Nous pouvons organiser un premier entretien pour discuter de votre projet, \u00e9tablir les grandes lignes et d\u00e9finir ensemble une date de r\u00e9alisation. Arnaud Lenoir Email arnaud.lenoir95@gmail.com O\u00f9 suis-je ? Un rendez-vous ? Fan de voyages et travaillant depuis &hellip; <\/p>\n<p class=\"link-more\"><a href=\"https:\/\/arnaudlenoir.com\/index.php\/contact-2\/\" class=\"more-link\">Read more<span class=\"screen-reader-text\"> &#8220;Contact&#8221;<\/span><\/a><\/p>\n","protected":false},"author":1,"featured_media":63,"parent":0,"menu_order":0,"comment_status":"closed","ping_status":"closed","template":"","meta":{"footnotes":""},"class_list":["post-16","page","type-page","status-publish","has-post-thumbnail","hentry"],"featured_media_urls":{"thumbnail":["https:\/\/arnaudlenoir.com\/wp-content\/uploads\/2024\/09\/josh-nezon-R1Zb58LmwIY-unsplash-150x150.jpg",150,150,true],"medium":["https:\/\/arnaudlenoir.com\/wp-content\/uploads\/2024\/09\/josh-nezon-R1Zb58LmwIY-unsplash-300x200.jpg",300,200,true],"medium_large":["https:\/\/arnaudlenoir.com\/wp-content\/uploads\/2024\/09\/josh-nezon-R1Zb58LmwIY-unsplash-scaled.jpg",768,512,false],"large":["https:\/\/arnaudlenoir.com\/wp-content\/uploads\/2024\/09\/josh-nezon-R1Zb58LmwIY-unsplash-1024x683.jpg",950,634,true],"1536x1536":["https:\/\/arnaudlenoir.com\/wp-content\/uploads\/2024\/09\/josh-nezon-R1Zb58LmwIY-unsplash-scaled-1536x1024.jpg",1536,1024,true],"2048x2048":["https:\/\/arnaudlenoir.com\/wp-content\/uploads\/2024\/09\/josh-nezon-R1Zb58LmwIY-unsplash-scaled-2048x1366.jpg",2048,1366,true],"inspiro-featured-image":["https:\/\/arnaudlenoir.com\/wp-content\/uploads\/2024\/09\/josh-nezon-R1Zb58LmwIY-unsplash-2000x1333.jpg",2000,1333,true],"inspiro-loop":["https:\/\/arnaudlenoir.com\/wp-content\/uploads\/2024\/09\/josh-nezon-R1Zb58LmwIY-unsplash-950x320.jpg",950,320,true],"inspiro-loop@2x":["https:\/\/arnaudlenoir.com\/wp-content\/uploads\/2024\/09\/josh-nezon-R1Zb58LmwIY-unsplash-1900x640.jpg",1900,640,true],"portfolio_item-thumbnail":["https:\/\/arnaudlenoir.com\/wp-content\/uploads\/2024\/09\/josh-nezon-R1Zb58LmwIY-unsplash-scaled-600x400.jpg",600,400,true],"portfolio_item-thumbnail@2x":["https:\/\/arnaudlenoir.com\/wp-content\/uploads\/2024\/09\/josh-nezon-R1Zb58LmwIY-unsplash-scaled-1200x800.jpg",1200,800,true],"portfolio_item-masonry":["https:\/\/arnaudlenoir.com\/wp-content\/uploads\/2024\/09\/josh-nezon-R1Zb58LmwIY-unsplash-scaled-600x400.jpg",600,400,true],"portfolio_item-masonry@2x":["https:\/\/arnaudlenoir.com\/wp-content\/uploads\/2024\/09\/josh-nezon-R1Zb58LmwIY-unsplash-scaled-1200x800.jpg",1200,800,true],"portfolio_item-thumbnail_cinema":["https:\/\/arnaudlenoir.com\/wp-content\/uploads\/2024\/09\/josh-nezon-R1Zb58LmwIY-unsplash-scaled-800x335.jpg",800,335,true],"portfolio_item-thumbnail_portrait":["https:\/\/arnaudlenoir.com\/wp-content\/uploads\/2024\/09\/josh-nezon-R1Zb58LmwIY-unsplash-scaled-600x900.jpg",600,900,true],"portfolio_item-thumbnail_portrait@2x":["https:\/\/arnaudlenoir.com\/wp-content\/uploads\/2024\/09\/josh-nezon-R1Zb58LmwIY-unsplash-scaled-1200x1707.jpg",1200,1707,true],"portfolio_item-thumbnail_square":["https:\/\/arnaudlenoir.com\/wp-content\/uploads\/2024\/09\/josh-nezon-R1Zb58LmwIY-unsplash-scaled-800x800.jpg",800,800,true]},"_links":{"self":[{"href":"https:\/\/arnaudlenoir.com\/index.php\/wp-json\/wp\/v2\/pages\/16","targetHints":{"allow":["GET"]}}],"collection":[{"href":"https:\/\/arnaudlenoir.com\/index.php\/wp-json\/wp\/v2\/pages"}],"about":[{"href":"https:\/\/arnaudlenoir.com\/index.php\/wp-json\/wp\/v2\/types\/page"}],"author":[{"embeddable":true,"href":"https:\/\/arnaudlenoir.com\/index.php\/wp-json\/wp\/v2\/users\/1"}],"replies":[{"embeddable":true,"href":"https:\/\/arnaudlenoir.com\/index.php\/wp-json\/wp\/v2\/comments?post=16"}],"version-history":[{"count":3,"href":"https:\/\/arnaudlenoir.com\/index.php\/wp-json\/wp\/v2\/pages\/16\/revisions"}],"predecessor-version":[{"id":62,"href":"https:\/\/arnaudlenoir.com\/index.php\/wp-json\/wp\/v2\/pages\/16\/revisions\/62"}],"wp:featuredmedia":[{"embeddable":true,"href":"https:\/\/arnaudlenoir.com\/index.php\/wp-json\/wp\/v2\/media\/63"}],"wp:attachment":[{"href":"https:\/\/arnaudlenoir.com\/index.php\/wp-json\/wp\/v2\/media?parent=16"}],"curies":[{"name":"wp","href":"https:\/\/api.w.org\/{rel}","templated":true}]}}