{"id":14,"date":"2024-05-15T12:15:07","date_gmt":"2024-05-15T10:15:07","guid":{"rendered":"https:\/\/arnaudlenoir.com\/?page_id=14"},"modified":"2024-09-25T16:41:52","modified_gmt":"2024-09-25T14:41:52","slug":"homepage","status":"publish","type":"page","link":"https:\/\/arnaudlenoir.com\/","title":{"rendered":"Accueil"},"content":{"rendered":"\n<div class=\"wp-block-cover alignfull is-light\" style=\"min-height:100vh;aspect-ratio:unset;\"><span aria-hidden=\"true\" class=\"wp-block-cover__background has-background-dim-20 has-background-dim\"><\/span><video class=\"wp-block-cover__video-background intrinsic-ignore\" autoplay muted loop playsinline src=\"https:\/\/demo.wpzoom.com\/inspiro-lite\/files\/2022\/03\/Pexels-Videos-1409899-1.mp4\" data-object-fit=\"cover\"><\/video><div class=\"wp-block-cover__inner-container has-global-padding is-layout-constrained wp-block-cover-is-layout-constrained\">\n<p class=\"has-text-align-center has-white-color has-text-color has-max-60-font-size\" style=\"font-style:normal;font-weight:900;line-height:1.2\"><strong>\u00c9couter. Cr\u00e9er. Partager.<\/strong><\/p>\n\n\n\n<div style=\"height:55px\" aria-hidden=\"true\" class=\"wp-block-spacer\"><\/div>\n\n\n\n<div class=\"wp-block-buttons is-content-justification-center is-layout-flex wp-container-core-buttons-is-layout-a89b3969 wp-block-buttons-is-layout-flex\"><\/div>\n<\/div><\/div>\n\n\n\n<div class=\"wp-block-group has-global-padding is-layout-constrained wp-block-group-is-layout-constrained\">\n<div style=\"height:57px\" aria-hidden=\"true\" class=\"wp-block-spacer\"><\/div>\n\n\n\n<h2 class=\"wp-block-heading has-text-align-center has-medium-font-size\" style=\"letter-spacing:1px\">JE M&#8217;APPELLE ARNAUD<\/h2>\n\n\n\n<p class=\"has-text-align-center\">Nomade d&#8217;origine Belge, j&#8217;ai d\u00e9cid\u00e9 de ne pas me fixer de lieu, parfois ici, parfois l\u00e0-bas, je suis toujours disponible en virtuel. Besoin d&#8217;une vraie rencontre ? C&#8217;est bien s\u00fbr toujours possible !<\/p>\n\n\n\n<div class=\"wp-block-buttons is-horizontal is-content-justification-center is-layout-flex wp-container-core-buttons-is-layout-03627597 wp-block-buttons-is-layout-flex\">\n<div class=\"wp-block-button has-custom-font-size is-style-outline has-small-font-size is-style-outline--1\"><a class=\"wp-block-button__link wp-element-button\" href=\"https:\/\/arnaudlenoir.com\/index.php\/contact-2\/\" style=\"border-radius:0px\">Contact<\/a><\/div>\n<\/div>\n\n\n\n<div style=\"height:57px\" aria-hidden=\"true\" class=\"wp-block-spacer\"><\/div>\n<\/div>\n\n\n\n<div class=\"wp-block-group alignfull pattern_multiple_covers has-background has-global-padding is-layout-constrained wp-block-group-is-layout-constrained\" id=\"services\" style=\"background-color:#f8f8f8\">\n<div style=\"height:84px\" aria-hidden=\"true\" class=\"wp-block-spacer\"><\/div>\n\n\n\n<p class=\"has-text-align-left has-secondary-color has-text-color\" style=\"letter-spacing:1px\">TRAVAILLONS ENSEMBLE !<\/p>\n\n\n\n<h2 class=\"wp-block-heading has-text-align-left\">Mes Services<\/h2>\n\n\n\n<p class=\"has-text-align-left\">Mon objectif est de vous accompagner sur une grande partie de votre communication. Qu&#8217;elle soit interne ou externe, je peux vous aider \u00e0 r\u00e9fl\u00e9chir \u00e0 vos strat\u00e9gies, cr\u00e9er du contenu digital, cr\u00e9er votre site internet, faire du montage vid\u00e9o et encore bien d&#8217;autres choses.<\/p>\n\n\n\n<div style=\"height:46px\" aria-hidden=\"true\" class=\"wp-block-spacer\"><\/div>\n\n\n\n<div class=\"wp-block-columns is-layout-flex wp-container-core-columns-is-layout-28f84493 wp-block-columns-is-layout-flex\">\n<div class=\"wp-block-column is-layout-flow wp-block-column-is-layout-flow\" style=\"padding-top:0;padding-right:0;padding-bottom:0;padding-left:0\">\n<div class=\"wp-block-cover has-custom-content-position is-position-bottom-left\" style=\"padding-top:var(--wp--preset--spacing--small);padding-right:var(--wp--preset--spacing--x-small);padding-bottom:var(--wp--preset--spacing--small);padding-left:var(--wp--preset--spacing--x-small)\"><span aria-hidden=\"true\" class=\"wp-block-cover__background has-primary-background-color has-background-dim-70 has-background-dim\"><\/span><img loading=\"lazy\" decoding=\"async\" width=\"2560\" height=\"1707\" class=\"wp-block-cover__image-background wp-image-40\" alt=\"\" src=\"https:\/\/arnaudlenoir.com\/wp-content\/uploads\/2024\/05\/headway-5QgIuuBxKwM-unsplash-scaled.jpg\" data-object-fit=\"cover\" srcset=\"https:\/\/arnaudlenoir.com\/wp-content\/uploads\/2024\/05\/headway-5QgIuuBxKwM-unsplash-scaled.jpg 2560w, https:\/\/arnaudlenoir.com\/wp-content\/uploads\/2024\/05\/headway-5QgIuuBxKwM-unsplash-300x200.jpg 300w, https:\/\/arnaudlenoir.com\/wp-content\/uploads\/2024\/05\/headway-5QgIuuBxKwM-unsplash-1024x683.jpg 1024w, https:\/\/arnaudlenoir.com\/wp-content\/uploads\/2024\/05\/headway-5QgIuuBxKwM-unsplash-2000x1333.jpg 2000w, https:\/\/arnaudlenoir.com\/wp-content\/uploads\/2024\/05\/headway-5QgIuuBxKwM-unsplash-600x400.jpg 600w, https:\/\/arnaudlenoir.com\/wp-content\/uploads\/2024\/05\/headway-5QgIuuBxKwM-unsplash-1200x800.jpg 1200w\" sizes=\"auto, (max-width: 2560px) 100vw, 2560px\" \/><div class=\"wp-block-cover__inner-container is-layout-flow wp-block-cover-is-layout-flow\">\n<h3 class=\"wp-block-heading has-white-color has-text-color has-medium-font-size\" style=\"margin-top:0;margin-right:0;margin-bottom:0;margin-left:0\">Cr\u00e9ation de <\/h3>\n\n\n\n<h3 class=\"wp-block-heading has-white-color has-text-color has-medium-font-size\" style=\"margin-top:0;margin-right:0;margin-bottom:0;margin-left:0\">site web<\/h3>\n<\/div><\/div>\n<\/div>\n\n\n\n<div class=\"wp-block-column is-layout-flow wp-block-column-is-layout-flow\" style=\"padding-top:0;padding-right:0;padding-bottom:0;padding-left:0\">\n<div class=\"wp-block-cover has-custom-content-position is-position-bottom-left\" style=\"padding-top:var(--wp--preset--spacing--small);padding-right:var(--wp--preset--spacing--x-small);padding-bottom:var(--wp--preset--spacing--small);padding-left:var(--wp--preset--spacing--x-small)\"><span aria-hidden=\"true\" class=\"wp-block-cover__background has-primary-background-color has-background-dim-70 has-background-dim\"><\/span><img decoding=\"async\" class=\"wp-block-cover__image-background wp-image-39\" alt=\"\" src=\"http:\/\/arnaudlenoir.com\/wp-content\/uploads\/2024\/05\/nathan-dumlao-kLmt1mpGJVg-unsplash.jpg\" style=\"object-position:49% 30%\" data-object-fit=\"cover\" data-object-position=\"49% 30%\"\/><div class=\"wp-block-cover__inner-container is-layout-flow wp-block-cover-is-layout-flow\">\n<h3 class=\"wp-block-heading has-white-color has-text-color has-medium-font-size\" style=\"margin-top:0;margin-right:0;margin-bottom:0;margin-left:0\">Cr\u00e9ation de <\/h3>\n\n\n\n<h3 class=\"wp-block-heading has-white-color has-text-color has-medium-font-size\" style=\"margin-top:0;margin-right:0;margin-bottom:0;margin-left:0\">contenu <\/h3>\n<\/div><\/div>\n<\/div>\n\n\n\n<div class=\"wp-block-column is-layout-flow wp-block-column-is-layout-flow\" style=\"padding-top:0;padding-right:0;padding-bottom:0;padding-left:0\">\n<div class=\"wp-block-cover has-custom-content-position is-position-bottom-left\" style=\"padding-top:var(--wp--preset--spacing--small);padding-right:var(--wp--preset--spacing--x-small);padding-bottom:var(--wp--preset--spacing--small);padding-left:var(--wp--preset--spacing--x-small)\"><span aria-hidden=\"true\" class=\"wp-block-cover__background has-primary-background-color has-background-dim-70 has-background-dim\"><\/span><img loading=\"lazy\" decoding=\"async\" width=\"2560\" height=\"1920\" class=\"wp-block-cover__image-background wp-image-43\" alt=\"\" src=\"https:\/\/arnaudlenoir.com\/wp-content\/uploads\/2024\/05\/austin-distel-wD1LRb9OeEo-unsplash-scaled.jpg\" data-object-fit=\"cover\" srcset=\"https:\/\/arnaudlenoir.com\/wp-content\/uploads\/2024\/05\/austin-distel-wD1LRb9OeEo-unsplash-scaled.jpg 2560w, https:\/\/arnaudlenoir.com\/wp-content\/uploads\/2024\/05\/austin-distel-wD1LRb9OeEo-unsplash-300x225.jpg 300w, https:\/\/arnaudlenoir.com\/wp-content\/uploads\/2024\/05\/austin-distel-wD1LRb9OeEo-unsplash-1024x768.jpg 1024w, https:\/\/arnaudlenoir.com\/wp-content\/uploads\/2024\/05\/austin-distel-wD1LRb9OeEo-unsplash-2000x1500.jpg 2000w\" sizes=\"auto, (max-width: 2560px) 100vw, 2560px\" \/><div class=\"wp-block-cover__inner-container is-layout-flow wp-block-cover-is-layout-flow\">\n<h3 class=\"wp-block-heading has-white-color has-text-color has-medium-font-size\" style=\"margin-top:0;margin-right:0;margin-bottom:0;margin-left:0\"><strong>\u00c9<\/strong>laboration <br>de strat\u00e9gie<\/h3>\n<\/div><\/div>\n<\/div>\n<\/div>\n\n\n\n<div style=\"height:103px\" aria-hidden=\"true\" class=\"wp-block-spacer\"><\/div>\n<\/div>\n\n\n\n<div class=\"wp-block-group alignfull has-global-padding is-layout-constrained wp-block-group-is-layout-constrained\">\n<div class=\"wp-block-group has-global-padding is-layout-constrained wp-block-group-is-layout-constrained\" style=\"padding-top:var(--wp--preset--spacing--small);padding-bottom:var(--wp--preset--spacing--small)\">\n<div style=\"height:30px\" aria-hidden=\"true\" class=\"wp-block-spacer\"><\/div>\n\n\n\n<div class=\"wp-block-columns is-layout-flex wp-container-core-columns-is-layout-c375d253 wp-block-columns-is-layout-flex\">\n<div class=\"wp-block-column is-vertically-aligned-center is-layout-flow wp-block-column-is-layout-flow\">\n<h2 class=\"wp-block-heading has-medium-font-size\" style=\"text-transform:uppercase\">Qui suis-je ? <\/h2>\n\n\n\n<p>Chaque jour, je suis anim\u00e9 par la passion de cr\u00e9er des solutions innovantes et sur mesure pour mes clients, les aidant \u00e0 atteindre leurs objectifs avec succ\u00e8s.<\/p>\n\n\n\n<div class=\"wp-block-buttons is-horizontal is-content-justification-left is-layout-flex wp-container-core-buttons-is-layout-20be11b6 wp-block-buttons-is-layout-flex\">\n<div class=\"wp-block-button is-style-outline is-style-outline--2\"><a class=\"wp-block-button__link wp-element-button\" href=\"https:\/\/arnaudlenoir.com\/index.php\/about\/\" style=\"border-radius:0px\">\u00c0 PROPOS<\/a><\/div>\n<\/div>\n<\/div>\n\n\n\n<div class=\"wp-block-column is-layout-flow wp-block-column-is-layout-flow\">\n<figure class=\"wp-block-image size-large is-resized\"><img loading=\"lazy\" decoding=\"async\" width=\"1200\" height=\"1200\" src=\"https:\/\/arnaudlenoir.com\/wp-content\/uploads\/2024\/05\/WhatsApp-Image-2024-05-14-at-16.28.58-edited.jpeg\" alt=\"\" class=\"wp-image-35\" style=\"width:423px;height:auto\" srcset=\"https:\/\/arnaudlenoir.com\/wp-content\/uploads\/2024\/05\/WhatsApp-Image-2024-05-14-at-16.28.58-edited.jpeg 1200w, https:\/\/arnaudlenoir.com\/wp-content\/uploads\/2024\/05\/WhatsApp-Image-2024-05-14-at-16.28.58-edited-300x300.jpeg 300w, https:\/\/arnaudlenoir.com\/wp-content\/uploads\/2024\/05\/WhatsApp-Image-2024-05-14-at-16.28.58-edited-1024x1024.jpeg 1024w, https:\/\/arnaudlenoir.com\/wp-content\/uploads\/2024\/05\/WhatsApp-Image-2024-05-14-at-16.28.58-edited-150x150.jpeg 150w\" sizes=\"auto, (max-width: 1200px) 100vw, 1200px\" \/><\/figure>\n<\/div>\n<\/div>\n\n\n\n<div style=\"height:30px\" aria-hidden=\"true\" class=\"wp-block-spacer\"><\/div>\n<\/div>\n<\/div>\n\n\n\n<div class=\"wp-block-group alignfull has-background has-global-padding is-layout-constrained wp-block-group-is-layout-constrained\" style=\"background-color:#f8f8f8\">\n<div class=\"wp-block-group has-global-padding is-layout-constrained wp-block-group-is-layout-constrained\" style=\"padding-top:var(--wp--preset--spacing--small);padding-bottom:var(--wp--preset--spacing--small)\">\n<div style=\"height:30px\" aria-hidden=\"true\" class=\"wp-block-spacer\"><\/div>\n\n\n\n<div class=\"wp-block-columns are-vertically-aligned-center is-layout-flex wp-container-core-columns-is-layout-c375d253 wp-block-columns-is-layout-flex\">\n<div class=\"wp-block-column is-vertically-aligned-center is-layout-flow wp-block-column-is-layout-flow\">\n<figure class=\"wp-block-image size-large is-resized\"><img loading=\"lazy\" decoding=\"async\" width=\"1000\" height=\"1024\" src=\"https:\/\/arnaudlenoir.com\/wp-content\/uploads\/2024\/05\/Logo-temp-1000x1024.jpg\" alt=\"\" class=\"wp-image-36\" style=\"width:405px;height:auto\" srcset=\"https:\/\/arnaudlenoir.com\/wp-content\/uploads\/2024\/05\/Logo-temp-1000x1024.jpg 1000w, https:\/\/arnaudlenoir.com\/wp-content\/uploads\/2024\/05\/Logo-temp-293x300.jpg 293w, https:\/\/arnaudlenoir.com\/wp-content\/uploads\/2024\/05\/Logo-temp.jpg 1610w\" sizes=\"auto, (max-width: 1000px) 100vw, 1000px\" \/><\/figure>\n<\/div>\n\n\n\n<div class=\"wp-block-column is-vertically-aligned-center is-layout-flow wp-block-column-is-layout-flow\">\n<h2 class=\"wp-block-heading has-medium-font-size\" style=\"text-transform:uppercase\">Mon Blog<\/h2>\n\n\n\n<p>Mon blog n&#8217;est pas totalement li\u00e9 \u00e0 mon activit\u00e9 d&#8217;ind\u00e9pendant, en tant que multipassionn\u00e9, j&#8217;ai soif de partag\u00e9 mes exp\u00e9riences et mes hobbies avec le monde.<\/p>\n\n\n\n<div class=\"wp-block-buttons is-layout-flex wp-block-buttons-is-layout-flex\">\n<div class=\"wp-block-button is-style-outline is-style-outline--3\"><a class=\"wp-block-button__link wp-element-button\" href=\"http:\/\/blog.arnaudlenoir.com\" style=\"border-radius:0px\" target=\"_blank\" rel=\"noreferrer noopener\">BLOG<\/a><\/div>\n<\/div>\n<\/div>\n<\/div>\n\n\n\n<div style=\"height:30px\" aria-hidden=\"true\" class=\"wp-block-spacer\"><\/div>\n<\/div>\n<\/div>\n\n\n\n<div class=\"wp-block-group alignfull portfolio-dark has-black-background-color has-background has-global-padding is-layout-constrained wp-block-group-is-layout-constrained\" id=\"portfolio\" style=\"margin-top:0px\">\n<div style=\"height:122px\" aria-hidden=\"true\" class=\"wp-block-spacer\"><\/div>\n\n\n\n<p class=\"has-text-align-left has-text-color\" style=\"color:#0bb4aa;letter-spacing:1px\">LE PORTFOLIO<\/p>\n\n\n\n<h2 class=\"wp-block-heading has-text-align-left has-white-color has-text-color has-large-font-size\">Mon travail<\/h2>\n\n\n\n<div style=\"height:44px\" aria-hidden=\"true\" class=\"wp-block-spacer\"><\/div>\n\n\n<div class=\"wpzoom-blocks wpzoom-blocks_portfolio-block wpzoom-portfolio-block-69e19a74b62d1 use-lightbox alignfull layout-grid columns-3 post_type-portfolio_item ajax-load-items wp-block-wpzoom-blocks-portfolio\" data-offset=\"6\" data-load-more='{\"categories\":[],\"class\":\"wpzoom-blocks_portfolio-block\",\"layout\":\"grid\",\"lightbox\":true,\"lightbox_caption\":false,\"order\":\"desc\",\"order_by\":\"menu_order date\",\"per_page\":6,\"read_more_label\":\"Read More\",\"show_author\":true,\"show_background_video\":true,\"show_date\":true,\"show_excerpt\":true,\"show_read_more\":true,\"show_thumbnail\":true,\"source\":\"portfolio_item\",\"thumbnail_size\":\"portfolio_item-thumbnail\",\"total\":1}'><div class=\"wpzoom-blocks wpzoom-blocks_portfolio-block_filter\"><ul><li class=\"cat-item-all current-cat\">\n\t\t\t\t<a href=\"https:\/\/arnaudlenoir.com\/index.php\/project\/\" class=\"wpz-portfolio-filter_link\">All<\/a>\n\t\t\t<\/li>\t<li class=\"cat-item cat-item-4 cat-posts-total-1 wpz-block-button\"><a href=\"https:\/\/arnaudlenoir.com\/index.php\/portfolio\/uncategorized\/\" class=\"wpz-portfolio-filter__link\">Uncategorized<\/a>\n<\/li>\n<\/ul><\/div><ul class=\"wpzoom-blocks wpzoom-blocks_portfolio-block_items-list\"><li class='wpzoom-blocks_portfolio-block_item wpzoom-blocks_portfolio-block_item-72 wpzoom-blocks_portfolio-block_category-4'  data-category='4'><article class='wpzoom-blocks_portfolio-block_item-wrap portfolio_item'><div class='wpzoom-blocks_portfolio-block_item-details'><h3 class='wpzoom-blocks_portfolio-block_item-title'><a href='https:\/\/arnaudlenoir.com\/index.php\/project\/banniere-explicative\/' title='Banni\u00e8re explicative' rel='bookmark'>Banni\u00e8re explicative<\/a><\/h3><\/div><\/article><\/li><li class=\"wpzoom-preloader-container\"><div class=\"wpzoom-portfolio-preloader\"><svg  width=\"75\" version=\"1.1\" id=\"L4\" xmlns=\"http:\/\/www.w3.org\/2000\/svg\" xmlns:xlink=\"http:\/\/www.w3.org\/1999\/xlink\" x=\"0px\" y=\"0px\" viewBox=\"0 0 100 100\" enable-background=\"new 0 0 0 0\" xml:space=\"preserve\">\n\t\t  <circle fill=\"#000\" stroke=\"none\" cx=\"6\" cy=\"50\" r=\"6\"><animate attributeName=\"opacity\" dur=\"1s\" values=\"0;1;0\" repeatCount=\"indefinite\" begin=\"0.1\"\/><\/circle>\n\t\t  <circle fill=\"#000\" stroke=\"none\" cx=\"26\" cy=\"50\" r=\"6\"><animate attributeName=\"opacity\" dur=\"1s\" values=\"0;1;0\" repeatCount=\"indefinite\" begin=\"0.2\"\/><\/circle>\n\t\t  <circle fill=\"#000\" stroke=\"none\" cx=\"46\" cy=\"50\" r=\"6\"><animate attributeName=\"opacity\" dur=\"1s\" values=\"0;1;0\" repeatCount=\"indefinite\" begin=\"0.3\"\/><\/circle>\n\t\t<\/svg><\/div><\/li><\/ul><\/div><!--.wpzoom-blocks wpzoom-blocks_portfolio-block--><style>.wpzoom-blocks_portfolio-block.wpzoom-portfolio-block-69e19a74b62d1 {}.wpzoom-blocks_portfolio-block.wpzoom-portfolio-block-69e19a74b62d1 { color:white}.wpzoom-blocks_portfolio-block.wpzoom-portfolio-block-69e19a74b62d1 .wpzoom-blocks_portfolio-block_filter ul li a,\n\t\t\t.wpzoom-blocks_portfolio-block.wpzoom-portfolio-block-69e19a74b62d1.layout-list .wpzoom-blocks_portfolio-block_items-list .wpzoom-blocks_portfolio-block_item .wpzoom-blocks_portfolio-block_item-title a {\n\t\t\t\tcolor:#000;\n\t\t\t}.wpzoom-blocks_portfolio-block.wpzoom-portfolio-block-69e19a74b62d1 .wpzoom-blocks_portfolio-block_filter ul li a:hover,\n\t\t\t\t.wpzoom-blocks_portfolio-block.wpzoom-portfolio-block-69e19a74b62d1 .wpzoom-blocks_portfolio-block_filter ul li.current-cat a:hover,\n\t\t\t\t.wpzoom-blocks_portfolio-.wpzoom-portfolio-block-69e19a74b62d1.layout-list .wpzoom-blocks_portfolio-block_items-list .wpzoom-blocks_portfolio-block_item .wpzoom-blocks_portfolio-block_item-title a:hover {\n\t\t\t\t\tcolor:#0BB4AA;\n\t\t\t\t}.wpzoom-blocks_portfolio-block.wpzoom-portfolio-block-69e19a74b62d1 .wpzoom-blocks_portfolio-block_filter ul li.current-cat a { color:#0BB4AA; }.wpzoom-blocks_portfolio-block.wpzoom-portfolio-block-69e19a74b62d1 .wpzoom-blocks_portfolio-block_filter ul li a {font-weight: 400 !important;letter-spacing: 1px;}.wpzoom-blocks_portfolio-block.wpzoom-portfolio-block-69e19a74b62d1 .wpzoom-blocks_portfolio-block_item-details .wpzoom-blocks_portfolio-block_item-title a {line-height: 1.2;font-weight: 500 !important;letter-spacing: 1px;}.wpzoom-blocks_portfolio-block.wpzoom-portfolio-block-69e19a74b62d1 .wpz-portfolio-button__link {background: #0bb4aa !important;letter-spacing: 1px;border-style:solid;border-width:0px;}.wpzoom-blocks_portfolio-block.wpzoom-portfolio-block-69e19a74b62d1 .wpz-portfolio-button__link:hover,\n                        .wpzoom-blocks_portfolio-block.wpzoom-portfolio-block-69e19a74b62d1 .wpz-portfolio-button__link:focus,\n                        .wpzoom-blocks_portfolio-block.wpzoom-portfolio-block-69e19a74b62d1 .wpz-portfolio-button__link:active { color:#101010 !important;background:#ffffff !important;}<\/style>\n\n\n<div style=\"height:50px\" aria-hidden=\"true\" class=\"wp-block-spacer\"><\/div>\n<\/div>\n\n\n\n<div id=\"partners\" class=\"wp-block-group has-global-padding is-content-justification-center is-layout-constrained wp-container-core-group-is-layout-dc06fb1d wp-block-group-is-layout-constrained\">\n<div style=\"height:80px\" aria-hidden=\"true\" class=\"wp-block-spacer\"><\/div>\n\n\n\n<div class=\"wp-block-group has-global-padding is-content-justification-left is-layout-constrained wp-container-core-group-is-layout-5d29898d wp-block-group-is-layout-constrained\" style=\"padding-top:0px;padding-right:0;padding-bottom:var(--wp--preset--spacing--small);padding-left:0\">\n<div class=\"wp-block-columns is-layout-flex wp-container-core-columns-is-layout-28f84493 wp-block-columns-is-layout-flex\">\n<div class=\"wp-block-column is-layout-flow wp-block-column-is-layout-flow\" style=\"flex-basis:60%\">\n<div style=\"height:20px\" aria-hidden=\"true\" class=\"wp-block-spacer\"><\/div>\n\n\n\n<p class=\"has-secondary-color has-text-color\">TRAVAILLER AVEC MOI<\/p>\n\n\n\n<h2 class=\"wp-block-heading has-text-align-left\">Mes Clients<\/h2>\n\n\n\n<div style=\"height:20px\" aria-hidden=\"true\" class=\"wp-block-spacer\"><\/div>\n\n\n\n<p class=\"has-text-align-left has-tertiary-color has-text-color\">Ils ont collabor\u00e9 avec moi.<\/p>\n<\/div>\n\n\n\n<div class=\"wp-block-column is-layout-flow wp-block-column-is-layout-flow\" style=\"flex-basis:40%\"><\/div>\n<\/div>\n<\/div>\n\n\n\n<div class=\"wp-block-group has-global-padding is-layout-constrained wp-block-group-is-layout-constrained\">\n<div class=\"wp-block-columns are-vertically-aligned-center is-layout-flex wp-container-core-columns-is-layout-28f84493 wp-block-columns-is-layout-flex\">\n<div class=\"wp-block-column is-layout-flow wp-block-column-is-layout-flow\">\n<figure class=\"wp-block-image size-large is-resized\"><a href=\"https:\/\/compagnieduconfetti.be\/\"><img loading=\"lazy\" decoding=\"async\" width=\"1024\" height=\"1024\" src=\"http:\/\/arnaudlenoir.com\/wp-content\/uploads\/2024\/05\/Autocollant-logo-cie-confetti-1024x1024.webp\" alt=\"\" class=\"wp-image-48\" style=\"width:150px\" srcset=\"https:\/\/arnaudlenoir.com\/wp-content\/uploads\/2024\/05\/Autocollant-logo-cie-confetti-1024x1024.webp 1024w, https:\/\/arnaudlenoir.com\/wp-content\/uploads\/2024\/05\/Autocollant-logo-cie-confetti-300x300.webp 300w, https:\/\/arnaudlenoir.com\/wp-content\/uploads\/2024\/05\/Autocollant-logo-cie-confetti-150x150.webp 150w, https:\/\/arnaudlenoir.com\/wp-content\/uploads\/2024\/05\/Autocollant-logo-cie-confetti.webp 1772w\" sizes=\"auto, (max-width: 1024px) 100vw, 1024px\" \/><\/a><\/figure>\n<\/div>\n\n\n\n<div class=\"wp-block-column is-layout-flow wp-block-column-is-layout-flow\">\n<figure class=\"wp-block-image size-large is-resized\"><a href=\"https:\/\/roulotteverte.be\/\"><img loading=\"lazy\" decoding=\"async\" width=\"1024\" height=\"1024\" src=\"https:\/\/arnaudlenoir.com\/wp-content\/uploads\/2024\/05\/logo-rvc-1024x1024.png\" alt=\"\" class=\"wp-image-51\" style=\"width:150px\" srcset=\"https:\/\/arnaudlenoir.com\/wp-content\/uploads\/2024\/05\/logo-rvc-1024x1024.png 1024w, https:\/\/arnaudlenoir.com\/wp-content\/uploads\/2024\/05\/logo-rvc-300x300.png 300w, https:\/\/arnaudlenoir.com\/wp-content\/uploads\/2024\/05\/logo-rvc-150x150.png 150w, https:\/\/arnaudlenoir.com\/wp-content\/uploads\/2024\/05\/logo-rvc.png 1034w\" sizes=\"auto, (max-width: 1024px) 100vw, 1024px\" \/><\/a><\/figure>\n<\/div>\n\n\n\n<div class=\"wp-block-column is-layout-flow wp-block-column-is-layout-flow\">\n<figure class=\"wp-block-image size-full is-resized\"><a href=\"https:\/\/armodobelgique.be\/\"><img loading=\"lazy\" decoding=\"async\" width=\"512\" height=\"512\" src=\"https:\/\/arnaudlenoir.com\/wp-content\/uploads\/2024\/05\/cropped-Logo-ArMoDo-FINAL-72dpi-01-1.png\" alt=\"\" class=\"wp-image-52\" style=\"width:150px\" srcset=\"https:\/\/arnaudlenoir.com\/wp-content\/uploads\/2024\/05\/cropped-Logo-ArMoDo-FINAL-72dpi-01-1.png 512w, https:\/\/arnaudlenoir.com\/wp-content\/uploads\/2024\/05\/cropped-Logo-ArMoDo-FINAL-72dpi-01-1-300x300.png 300w, https:\/\/arnaudlenoir.com\/wp-content\/uploads\/2024\/05\/cropped-Logo-ArMoDo-FINAL-72dpi-01-1-150x150.png 150w\" sizes=\"auto, (max-width: 512px) 100vw, 512px\" \/><\/a><\/figure>\n<\/div>\n\n\n\n<div class=\"wp-block-column is-layout-flow wp-block-column-is-layout-flow\">\n<figure class=\"wp-block-image size-full is-resized\"><a href=\"https:\/\/www.centreculturelhotton.be\/\"><img loading=\"lazy\" decoding=\"async\" width=\"500\" height=\"500\" src=\"https:\/\/arnaudlenoir.com\/wp-content\/uploads\/2024\/05\/Plan-de-travail-1.png\" alt=\"\" class=\"wp-image-55\" style=\"width:150px\" srcset=\"https:\/\/arnaudlenoir.com\/wp-content\/uploads\/2024\/05\/Plan-de-travail-1.png 500w, https:\/\/arnaudlenoir.com\/wp-content\/uploads\/2024\/05\/Plan-de-travail-1-300x300.png 300w, https:\/\/arnaudlenoir.com\/wp-content\/uploads\/2024\/05\/Plan-de-travail-1-150x150.png 150w\" sizes=\"auto, (max-width: 500px) 100vw, 500px\" \/><\/a><\/figure>\n<\/div>\n<\/div>\n<\/div>\n\n\n\n<div style=\"height:100px\" aria-hidden=\"true\" class=\"wp-block-spacer\"><\/div>\n<\/div>\n\n\n\n<div class=\"wp-block-cover alignfull has-parallax is-position-center-center\" style=\"border-radius:0px\"><span aria-hidden=\"true\" class=\"wp-block-cover__background has-black-background-color has-background-dim-40 has-background-dim\"><\/span><div class=\"wp-block-cover__image-background wp-image-24 has-parallax\" style=\"background-position:50% 50%;background-image:url(https:\/\/arnaudlenoir.com\/wp-content\/themes\/inspiro\/assets\/images\/StockSnap_89BQZ89TLH.jpg)\"><\/div><div class=\"wp-block-cover__inner-container is-layout-flow wp-block-cover-is-layout-flow\">\n<div class=\"wp-block-group has-global-padding is-layout-constrained wp-block-group-is-layout-constrained\">\n<h3 class=\"wp-block-heading has-text-align-center has-text-color has-medium-font-size\" style=\"color:#fffffa;text-transform:uppercase\">Faisons un bout de chemin ensemble<\/h3>\n\n\n\n<p class=\"has-text-align-center has-white-color has-text-color\">Transformons vos id\u00e9es en r\u00e9alit\u00e9. Parlez-moi de votre projet !<\/p>\n\n\n\n<div style=\"height:31px\" aria-hidden=\"true\" class=\"wp-block-spacer\"><\/div>\n\n\n\n<div class=\"wp-block-buttons is-horizontal is-content-justification-center is-layout-flex wp-container-core-buttons-is-layout-03627597 wp-block-buttons-is-layout-flex\">\n<div class=\"wp-block-button is-style-outline is-style-outline--4\"><a class=\"wp-block-button__link has-white-color has-text-color wp-element-button\" href=\"https:\/\/arnaudlenoir.com\/index.php\/contact-2\/\" style=\"border-radius:0px\">CONTACT<\/a><\/div>\n<\/div>\n<\/div>\n<\/div><\/div>\n","protected":false},"excerpt":{"rendered":"<p>JE M&#8217;APPELLE ARNAUD Nomade d&#8217;origine Belge, j&#8217;ai d\u00e9cid\u00e9 de ne pas me fixer de lieu, parfois ici, parfois l\u00e0-bas, je suis toujours disponible en virtuel. Besoin d&#8217;une vraie rencontre ? C&#8217;est bien s\u00fbr toujours possible ! TRAVAILLONS ENSEMBLE ! Mes Services Mon objectif est de vous accompagner sur une grande partie de votre communication. Qu&#8217;elle &hellip; <\/p>\n<p class=\"link-more\"><a href=\"https:\/\/arnaudlenoir.com\/\" class=\"more-link\">Read more<span class=\"screen-reader-text\"> &#8220;Accueil&#8221;<\/span><\/a><\/p>\n","protected":false},"author":1,"featured_media":0,"parent":0,"menu_order":0,"comment_status":"closed","ping_status":"closed","template":"page-templates\/homepage-no-hero.php","meta":{"footnotes":""},"class_list":["post-14","page","type-page","status-publish","hentry"],"featured_media_urls":[],"_links":{"self":[{"href":"https:\/\/arnaudlenoir.com\/index.php\/wp-json\/wp\/v2\/pages\/14","targetHints":{"allow":["GET"]}}],"collection":[{"href":"https:\/\/arnaudlenoir.com\/index.php\/wp-json\/wp\/v2\/pages"}],"about":[{"href":"https:\/\/arnaudlenoir.com\/index.php\/wp-json\/wp\/v2\/types\/page"}],"author":[{"embeddable":true,"href":"https:\/\/arnaudlenoir.com\/index.php\/wp-json\/wp\/v2\/users\/1"}],"replies":[{"embeddable":true,"href":"https:\/\/arnaudlenoir.com\/index.php\/wp-json\/wp\/v2\/comments?post=14"}],"version-history":[{"count":18,"href":"https:\/\/arnaudlenoir.com\/index.php\/wp-json\/wp\/v2\/pages\/14\/revisions"}],"predecessor-version":[{"id":71,"href":"https:\/\/arnaudlenoir.com\/index.php\/wp-json\/wp\/v2\/pages\/14\/revisions\/71"}],"wp:attachment":[{"href":"https:\/\/arnaudlenoir.com\/index.php\/wp-json\/wp\/v2\/media?parent=14"}],"curies":[{"name":"wp","href":"https:\/\/api.w.org\/{rel}","templated":true}]}}